{"id":4286,"date":"2021-11-24T12:39:41","date_gmt":"2021-11-24T15:39:41","guid":{"rendered":"https:\/\/templatemonster.vecuro.com\/wordpress\/medilax\/?page_id=4286"},"modified":"2025-09-15T11:32:16","modified_gmt":"2025-09-15T14:32:16","slug":"home","status":"publish","type":"page","link":"https:\/\/msbraz.com\/","title":{"rendered":"Home"},"content":{"rendered":"\t\t<div data-elementor-type=\"wp-page\" data-elementor-id=\"4286\" class=\"elementor elementor-4286\" data-elementor-post-type=\"page\">\n\t\t\t\t\t\t<section class=\"elementor-section elementor-top-section elementor-element elementor-element-78828ef elementor-section-full_width banner-principal elementor-section-content-middle elementor-section-height-default elementor-section-height-default\" data-id=\"78828ef\" data-element_type=\"section\">\n\t\t\t\t\t\t\t<div class=\"elementor-background-overlay\"><\/div>\n\t\t\t\t\t\t\t<div class=\"elementor-container elementor-column-gap-default\">\n\t\t\t\t\t<div class=\"elementor-column elementor-col-100 elementor-top-column elementor-element elementor-element-da3c5c1\" data-id=\"da3c5c1\" data-element_type=\"column\" data-settings=\"{&quot;background_background&quot;:&quot;classic&quot;}\">\n\t\t\t<div class=\"elementor-widget-wrap elementor-element-populated\">\n\t\t\t\t\t\t<div class=\"elementor-element elementor-element-54c9d5a elementor-widget__width-inherit elementor--h-position-center elementor--v-position-middle elementor-arrows-position-inside elementor-widget elementor-widget-slides\" data-id=\"54c9d5a\" data-element_type=\"widget\" data-settings=\"{&quot;navigation&quot;:&quot;arrows&quot;,&quot;autoplay&quot;:&quot;yes&quot;,&quot;pause_on_hover&quot;:&quot;yes&quot;,&quot;pause_on_interaction&quot;:&quot;yes&quot;,&quot;autoplay_speed&quot;:5000,&quot;infinite&quot;:&quot;yes&quot;,&quot;transition&quot;:&quot;slide&quot;,&quot;transition_speed&quot;:500}\" data-widget_type=\"slides.default\">\n\t\t\t\t<div class=\"elementor-widget-container\">\n\t\t\t\t\t\t\t\t\t<div class=\"elementor-swiper\">\n\t\t\t\t\t<div class=\"elementor-slides-wrapper elementor-main-swiper swiper\" role=\"region\" aria-roledescription=\"carousel\" aria-label=\"Slides\" dir=\"ltr\" data-animation=\"fadeInUp\">\n\t\t\t\t<div class=\"swiper-wrapper elementor-slides\">\n\t\t\t\t\t\t\t\t\t\t<div class=\"elementor-repeater-item-9596314 swiper-slide\" role=\"group\" aria-roledescription=\"slide\"><div class=\"swiper-slide-bg\" role=\"img\"><\/div><div class=\"swiper-slide-inner\" ><div class=\"swiper-slide-contents\"><h1 class=\"elementor-slide-heading\">Consultoria societ\u00e1ria (jur\u00eddica e estrat\u00e9gica) \u00e1gil e personalizada<\/h1><\/div><\/div><\/div>\t\t\t\t<\/div>\n\t\t\t\t\t\t\t<\/div>\n\t\t\t\t<\/div>\n\t\t\t\t\t\t\t\t<\/div>\n\t\t\t\t<\/div>\n\t\t\t\t\t<\/div>\n\t\t<\/div>\n\t\t\t\t\t<\/div>\n\t\t<\/section>\n\t\t\t\t<section class=\"elementor-section elementor-top-section elementor-element elementor-element-e9f6c97 elementor-section-full_width elementor-section-height-default elementor-section-height-default\" data-id=\"e9f6c97\" data-element_type=\"section\" id=\"atuacao\" data-settings=\"{&quot;background_background&quot;:&quot;classic&quot;}\">\n\t\t\t\t\t\t<div class=\"elementor-container elementor-column-gap-default\">\n\t\t\t\t\t<div class=\"elementor-column elementor-col-100 elementor-top-column elementor-element elementor-element-74f39e1\" data-id=\"74f39e1\" data-element_type=\"column\">\n\t\t\t<div class=\"elementor-widget-wrap\">\n\t\t\t\t\t\t\t<\/div>\n\t\t<\/div>\n\t\t\t\t\t<\/div>\n\t\t<\/section>\n\t\t\t\t<section class=\"elementor-section elementor-top-section elementor-element elementor-element-9eb5826 elementor-section-boxed elementor-section-height-default elementor-section-height-default\" data-id=\"9eb5826\" data-element_type=\"section\" data-settings=\"{&quot;background_background&quot;:&quot;classic&quot;}\">\n\t\t\t\t\t\t<div class=\"elementor-container elementor-column-gap-default\">\n\t\t\t\t\t<div class=\"elementor-column elementor-col-100 elementor-top-column elementor-element elementor-element-19c456f\" data-id=\"19c456f\" data-element_type=\"column\">\n\t\t\t<div class=\"elementor-widget-wrap elementor-element-populated\">\n\t\t\t\t\t\t<div class=\"elementor-element elementor-element-637ccda elementor-widget elementor-widget-heading\" data-id=\"637ccda\" data-element_type=\"widget\" data-widget_type=\"heading.default\">\n\t\t\t\t<div class=\"elementor-widget-container\">\n\t\t\t\t\t<h2 class=\"elementor-heading-title elementor-size-default\">\u00c1reas de Atua\u00e7\u00e3o<\/h2>\t\t\t\t<\/div>\n\t\t\t\t<\/div>\n\t\t\t\t<section class=\"elementor-section elementor-inner-section elementor-element elementor-element-91e682c elementor-section-boxed elementor-section-height-default elementor-section-height-default\" data-id=\"91e682c\" data-element_type=\"section\">\n\t\t\t\t\t\t<div class=\"elementor-container elementor-column-gap-default\">\n\t\t\t\t\t<div class=\"elementor-column elementor-col-50 elementor-inner-column elementor-element elementor-element-a18c045\" data-id=\"a18c045\" data-element_type=\"column\">\n\t\t\t<div class=\"elementor-widget-wrap elementor-element-populated\">\n\t\t\t\t\t\t<div class=\"elementor-element elementor-element-460acf4 elementor-widget elementor-widget-heading\" data-id=\"460acf4\" data-element_type=\"widget\" data-widget_type=\"heading.default\">\n\t\t\t\t<div class=\"elementor-widget-container\">\n\t\t\t\t\t<h4 class=\"elementor-heading-title elementor-size-default\">Societ\u00e1rio e M&amp;A<\/h4>\t\t\t\t<\/div>\n\t\t\t\t<\/div>\n\t\t\t\t<div class=\"elementor-element elementor-element-5b3e500 elementor-widget elementor-widget-text-editor\" data-id=\"5b3e500\" data-element_type=\"widget\" data-widget_type=\"text-editor.default\">\n\t\t\t\t<div class=\"elementor-widget-container\">\n\t\t\t\t\t\t\t\t\t<p><span style=\"font-family: arial, helvetica, sans-serif;\">O escrit\u00f3rio tem ampla experi\u00eancia em direito societ\u00e1rio e opera\u00e7\u00f5es de M&amp;A, tanto dom\u00e9sticas quanto internacionais, estando qualificado a assessorar seus clientes em todas as fases das opera\u00e7\u00f5es, desde <em>due diligences<\/em>, passando pela reda\u00e7\u00e3o e negocia\u00e7\u00e3o dos instrumentos legais aplic\u00e1veis, como contratos de compra e venda de participa\u00e7\u00f5es societ\u00e1rias, memorandos de entendimento, acordos de s\u00f3cios ou acionistas, contratos sociais ou estatutos, atas, protocolos e justifica\u00e7\u00f5es, contratos de sociedade em conta de participa\u00e7\u00e3o, entre outros, incluindo, ainda, todas as etapas de registro junto aos \u00f3rg\u00e3os de registro de com\u00e9rcio competentes, assim como autoridades fiscais municipais, estaduais e federais.<\/span><\/p>\t\t\t\t\t\t\t\t<\/div>\n\t\t\t\t<\/div>\n\t\t\t\t\t<\/div>\n\t\t<\/div>\n\t\t\t\t<div class=\"elementor-column elementor-col-50 elementor-inner-column elementor-element elementor-element-62532de\" data-id=\"62532de\" data-element_type=\"column\">\n\t\t\t<div class=\"elementor-widget-wrap elementor-element-populated\">\n\t\t\t\t\t\t<div class=\"elementor-element elementor-element-58c66f1 elementor-widget elementor-widget-image\" data-id=\"58c66f1\" data-element_type=\"widget\" data-widget_type=\"image.default\">\n\t\t\t\t<div class=\"elementor-widget-container\">\n\t\t\t\t\t\t\t\t\t\t\t\t\t\t\t<img fetchpriority=\"high\" decoding=\"async\" width=\"600\" height=\"400\" src=\"https:\/\/msbraz.com\/wp-content\/uploads\/2025\/07\/corporate-law.jpg\" class=\"attachment-large size-large wp-image-6855\" alt=\"\" srcset=\"https:\/\/msbraz.com\/wp-content\/uploads\/2025\/07\/corporate-law.jpg 600w, https:\/\/msbraz.com\/wp-content\/uploads\/2025\/07\/corporate-law-300x200.jpg 300w\" sizes=\"(max-width: 600px) 100vw, 600px\" \/>\t\t\t\t\t\t\t\t\t\t\t\t\t\t\t<\/div>\n\t\t\t\t<\/div>\n\t\t\t\t\t<\/div>\n\t\t<\/div>\n\t\t\t\t\t<\/div>\n\t\t<\/section>\n\t\t\t\t<section class=\"elementor-section elementor-inner-section elementor-element elementor-element-455de33 elementor-section-boxed elementor-section-height-default elementor-section-height-default\" data-id=\"455de33\" data-element_type=\"section\">\n\t\t\t\t\t\t<div class=\"elementor-container elementor-column-gap-default\">\n\t\t\t\t\t<div class=\"elementor-column elementor-col-50 elementor-inner-column elementor-element elementor-element-62e1fc6\" data-id=\"62e1fc6\" data-element_type=\"column\">\n\t\t\t<div class=\"elementor-widget-wrap elementor-element-populated\">\n\t\t\t\t\t\t<div class=\"elementor-element elementor-element-719d8cd elementor-widget elementor-widget-image\" data-id=\"719d8cd\" data-element_type=\"widget\" data-widget_type=\"image.default\">\n\t\t\t\t<div class=\"elementor-widget-container\">\n\t\t\t\t\t\t\t\t\t\t\t\t\t\t\t<img decoding=\"async\" width=\"750\" height=\"500\" src=\"https:\/\/msbraz.com\/wp-content\/uploads\/2025\/07\/contracts.jpg\" class=\"attachment-large size-large wp-image-6854\" alt=\"\" srcset=\"https:\/\/msbraz.com\/wp-content\/uploads\/2025\/07\/contracts.jpg 750w, https:\/\/msbraz.com\/wp-content\/uploads\/2025\/07\/contracts-300x200.jpg 300w\" sizes=\"(max-width: 750px) 100vw, 750px\" \/>\t\t\t\t\t\t\t\t\t\t\t\t\t\t\t<\/div>\n\t\t\t\t<\/div>\n\t\t\t\t\t<\/div>\n\t\t<\/div>\n\t\t\t\t<div class=\"elementor-column elementor-col-50 elementor-inner-column elementor-element elementor-element-510d032\" data-id=\"510d032\" data-element_type=\"column\">\n\t\t\t<div class=\"elementor-widget-wrap elementor-element-populated\">\n\t\t\t\t\t\t<div class=\"elementor-element elementor-element-2dc75c7 elementor-widget elementor-widget-heading\" data-id=\"2dc75c7\" data-element_type=\"widget\" data-widget_type=\"heading.default\">\n\t\t\t\t<div class=\"elementor-widget-container\">\n\t\t\t\t\t<h4 class=\"elementor-heading-title elementor-size-default\">Contratos<\/h4>\t\t\t\t<\/div>\n\t\t\t\t<\/div>\n\t\t\t\t<div class=\"elementor-element elementor-element-7ad3300 elementor-widget elementor-widget-text-editor\" data-id=\"7ad3300\" data-element_type=\"widget\" data-widget_type=\"text-editor.default\">\n\t\t\t\t<div class=\"elementor-widget-container\">\n\t\t\t\t\t\t\t\t\t<p><span style=\"font-family: arial, helvetica, sans-serif;\">A <strong>MSBRAZ Advocacia Empresarial<\/strong> possui larga experi\u00eancia na reda\u00e7\u00e3o e negocia\u00e7\u00e3o dos mais variados tipos de contratos comerciais, desde contratos de loca\u00e7\u00e3o e presta\u00e7\u00e3o dos mais variados tipos de servi\u00e7os, at\u00e9 contratos de presta\u00e7\u00e3o de servi\u00e7os de lan\u00e7amentos de sat\u00e9lites e leasing de aeronaves.<\/span><\/p>\t\t\t\t\t\t\t\t<\/div>\n\t\t\t\t<\/div>\n\t\t\t\t\t<\/div>\n\t\t<\/div>\n\t\t\t\t\t<\/div>\n\t\t<\/section>\n\t\t\t\t<section class=\"elementor-section elementor-inner-section elementor-element elementor-element-7776731 elementor-section-boxed elementor-section-height-default elementor-section-height-default\" data-id=\"7776731\" data-element_type=\"section\">\n\t\t\t\t\t\t<div class=\"elementor-container elementor-column-gap-default\">\n\t\t\t\t\t<div class=\"elementor-column elementor-col-50 elementor-inner-column elementor-element elementor-element-483aab9\" data-id=\"483aab9\" data-element_type=\"column\">\n\t\t\t<div class=\"elementor-widget-wrap elementor-element-populated\">\n\t\t\t\t\t\t<div class=\"elementor-element elementor-element-83b7e37 elementor-widget elementor-widget-heading\" data-id=\"83b7e37\" data-element_type=\"widget\" data-widget_type=\"heading.default\">\n\t\t\t\t<div class=\"elementor-widget-container\">\n\t\t\t\t\t<h4 class=\"elementor-heading-title elementor-size-default\">Transa\u00e7\u00f5es Internacionais <\/h4>\t\t\t\t<\/div>\n\t\t\t\t<\/div>\n\t\t\t\t<div class=\"elementor-element elementor-element-893c2e8 elementor-widget elementor-widget-text-editor\" data-id=\"893c2e8\" data-element_type=\"widget\" data-widget_type=\"text-editor.default\">\n\t\t\t\t<div class=\"elementor-widget-container\">\n\t\t\t\t\t\t\t\t\t<p><span style=\"font-family: arial, helvetica, sans-serif;\">A equipe do escrit\u00f3rio possui not\u00f3ria expertise em aspectos de direito internacional privado, como contencioso internacional, escolha de lei aplic\u00e1vel aos contratos internacionais, tributa\u00e7\u00e3o internacional, assessoria a clientes estrangeiros sobre aspectos jur\u00eddicos brasileiros aplic\u00e1veis a opera\u00e7\u00f5es transnacionais, bem como outras an\u00e1lises que exijam o conhecimento de diversos ordenamentos jur\u00eddicos distintos.<\/span><\/p><p><span style=\"font-family: arial, helvetica, sans-serif;\">O escrit\u00f3rio ainda conta com profundo conhecimento de aspectos internacionais especificamente aplic\u00e1veis a rela\u00e7\u00f5es contratuais ou societ\u00e1rias, atuando como consultor estrat\u00e9gico na elabora\u00e7\u00e3o de estrat\u00e9gias para maximizar as vantagens de cada alternativa em um modelo de neg\u00f3cios plurijurisdicional.<\/span><\/p>\t\t\t\t\t\t\t\t<\/div>\n\t\t\t\t<\/div>\n\t\t\t\t\t<\/div>\n\t\t<\/div>\n\t\t\t\t<div class=\"elementor-column elementor-col-50 elementor-inner-column elementor-element elementor-element-2ac54c4\" data-id=\"2ac54c4\" data-element_type=\"column\">\n\t\t\t<div class=\"elementor-widget-wrap elementor-element-populated\">\n\t\t\t\t\t\t<div class=\"elementor-element elementor-element-2a38511 elementor-widget elementor-widget-image\" data-id=\"2a38511\" data-element_type=\"widget\" data-widget_type=\"image.default\">\n\t\t\t\t<div class=\"elementor-widget-container\">\n\t\t\t\t\t\t\t\t\t\t\t\t\t\t\t<img decoding=\"async\" width=\"750\" height=\"500\" src=\"https:\/\/msbraz.com\/wp-content\/uploads\/2025\/07\/transacoes-internacionais.jpg\" class=\"attachment-large size-large wp-image-6853\" alt=\"\" srcset=\"https:\/\/msbraz.com\/wp-content\/uploads\/2025\/07\/transacoes-internacionais.jpg 750w, https:\/\/msbraz.com\/wp-content\/uploads\/2025\/07\/transacoes-internacionais-300x200.jpg 300w\" sizes=\"(max-width: 750px) 100vw, 750px\" \/>\t\t\t\t\t\t\t\t\t\t\t\t\t\t\t<\/div>\n\t\t\t\t<\/div>\n\t\t\t\t\t<\/div>\n\t\t<\/div>\n\t\t\t\t\t<\/div>\n\t\t<\/section>\n\t\t\t\t\t<\/div>\n\t\t<\/div>\n\t\t\t\t\t<\/div>\n\t\t<\/section>\n\t\t\t\t<section class=\"elementor-section elementor-top-section elementor-element elementor-element-b501290 elementor-section-full_width elementor-section-height-default elementor-section-height-default\" data-id=\"b501290\" data-element_type=\"section\" id=\"quem\" data-settings=\"{&quot;background_background&quot;:&quot;classic&quot;}\">\n\t\t\t\t\t\t<div class=\"elementor-container elementor-column-gap-default\">\n\t\t\t\t\t<div class=\"elementor-column elementor-col-100 elementor-top-column elementor-element elementor-element-5ad6d87\" data-id=\"5ad6d87\" data-element_type=\"column\">\n\t\t\t<div class=\"elementor-widget-wrap\">\n\t\t\t\t\t\t\t<\/div>\n\t\t<\/div>\n\t\t\t\t\t<\/div>\n\t\t<\/section>\n\t\t\t\t<section class=\"elementor-section elementor-top-section elementor-element elementor-element-b6ba4d7 elementor-section-boxed elementor-section-height-default elementor-section-height-default\" data-id=\"b6ba4d7\" data-element_type=\"section\" data-settings=\"{&quot;background_background&quot;:&quot;classic&quot;}\">\n\t\t\t\t\t\t<div class=\"elementor-container elementor-column-gap-default\">\n\t\t\t\t\t<div class=\"elementor-column elementor-col-100 elementor-top-column elementor-element elementor-element-7dfaff8\" data-id=\"7dfaff8\" data-element_type=\"column\">\n\t\t\t<div class=\"elementor-widget-wrap elementor-element-populated\">\n\t\t\t\t\t\t<div class=\"elementor-element elementor-element-e9fcf4d elementor-widget elementor-widget-heading\" data-id=\"e9fcf4d\" data-element_type=\"widget\" data-widget_type=\"heading.default\">\n\t\t\t\t<div class=\"elementor-widget-container\">\n\t\t\t\t\t<h2 class=\"elementor-heading-title elementor-size-default\">Quem Somos<\/h2>\t\t\t\t<\/div>\n\t\t\t\t<\/div>\n\t\t\t\t<div class=\"elementor-element elementor-element-66f0f9c elementor-widget elementor-widget-text-editor\" data-id=\"66f0f9c\" data-element_type=\"widget\" data-widget_type=\"text-editor.default\">\n\t\t\t\t<div class=\"elementor-widget-container\">\n\t\t\t\t\t\t\t\t\t<p><span style=\"font-family: arial, helvetica, sans-serif;\"><strong>MSBRAZ Advocacia Empresarial <\/strong>\u00e9 um escrit\u00f3rio de advocacia boutique, que busca prestar servi\u00e7os com o maior grau de excel\u00eancia com grande proximidade com o cliente, de forma a atender \u00e0s necessidades jur\u00eddicas e estrat\u00e9gicas do mesmo de forma personalizada e em tempo real.<\/span><\/p>\t\t\t\t\t\t\t\t<\/div>\n\t\t\t\t<\/div>\n\t\t\t\t<section class=\"elementor-section elementor-inner-section elementor-element elementor-element-27d958f elementor-section-boxed elementor-section-height-default elementor-section-height-default\" data-id=\"27d958f\" data-element_type=\"section\">\n\t\t\t\t\t\t<div class=\"elementor-container elementor-column-gap-default\">\n\t\t\t\t\t<div class=\"elementor-column elementor-col-50 elementor-inner-column elementor-element elementor-element-b6e7464\" data-id=\"b6e7464\" data-element_type=\"column\">\n\t\t\t<div class=\"elementor-widget-wrap elementor-element-populated\">\n\t\t\t\t\t\t<div class=\"elementor-element elementor-element-23b1b0b elementor-widget elementor-widget-text-editor\" data-id=\"23b1b0b\" data-element_type=\"widget\" data-widget_type=\"text-editor.default\">\n\t\t\t\t<div class=\"elementor-widget-container\">\n\t\t\t\t\t\t\t\t\t<p><span style=\"font-family: arial, helvetica, sans-serif;\">Fundador do escrit\u00f3rio, <strong>Mario Sergio Braz<\/strong> \u00e9 advogado com larga experi\u00eancia, especializado em direito societ\u00e1rio, M&amp;A, transa\u00e7\u00f5es comerciais internacionais e contratos em geral. Graduado em Direito pela Pontif\u00edcia Universidade Cat\u00f3lica do Rio de Janeiro (PUC-Rio, 1999), com mestrado pela George Washington University (Washington, DC \u2013 EUA, 2001) e pela Universidade do Estado do Rio de Janeiro (UERJ, 2005), ambos em Direito Internacional, <strong>Mario Sergio<\/strong> atuou na elabora\u00e7\u00e3o, negocia\u00e7\u00e3o e encerramento de contratos de alta complexidade, em uma ampla gama de \u00e1reas, como tecnologia da informa\u00e7\u00e3o, telecomunica\u00e7\u00f5es e avia\u00e7\u00e3o.<\/span><\/p><p><span style=\"font-family: arial, helvetica, sans-serif;\">Mario Sergio tamb\u00e9m possui vasta experi\u00eancia em transa\u00e7\u00f5es societ\u00e1rias e de fus\u00f5es e aquisi\u00e7\u00f5es em geral, tendo assessorado empresas brasileiras e estrangeiras.<\/span><\/p><p><span style=\"font-family: arial, helvetica, sans-serif;\"><strong>Mario Sergio<\/strong> exerceu, ainda, o cargo de gerente jur\u00eddico da Star One S.A., uma provedora brasileira de servi\u00e7os de sat\u00e9lite, elaborando, negociando e gerenciando todos os tipos de contratos pertinentes \u00e0s atividades da empresa, como arrendamento de capacidade de sat\u00e9lite, lan\u00e7amento de sat\u00e9lite e v\u00e1rios servi\u00e7os na \u00e1rea, assim como foi membro da equipe brasileira da CMS Cameron McKenna Nabarro Olswang por 15 anos, at\u00e9 2024.<\/span><\/p>\t\t\t\t\t\t\t\t<\/div>\n\t\t\t\t<\/div>\n\t\t\t\t\t<\/div>\n\t\t<\/div>\n\t\t\t\t<div class=\"elementor-column elementor-col-50 elementor-inner-column elementor-element elementor-element-eef829a\" data-id=\"eef829a\" data-element_type=\"column\">\n\t\t\t<div class=\"elementor-widget-wrap elementor-element-populated\">\n\t\t\t\t\t\t<div class=\"elementor-element elementor-element-9f308c7 elementor-widget__width-initial elementor-widget elementor-widget-image\" data-id=\"9f308c7\" data-element_type=\"widget\" data-widget_type=\"image.default\">\n\t\t\t\t<div class=\"elementor-widget-container\">\n\t\t\t\t\t\t\t\t\t\t\t\t\t\t\t<img decoding=\"async\" src=\"https:\/\/msbraz.com\/wp-content\/uploads\/2025\/09\/MSBraz.jpeg\" title=\"Mario Sergio Braz\" alt=\"Mario Sergio Braz\" loading=\"lazy\" \/>\t\t\t\t\t\t\t\t\t\t\t\t\t\t\t<\/div>\n\t\t\t\t<\/div>\n\t\t\t\t\t<\/div>\n\t\t<\/div>\n\t\t\t\t\t<\/div>\n\t\t<\/section>\n\t\t\t\t\t<\/div>\n\t\t<\/div>\n\t\t\t\t\t<\/div>\n\t\t<\/section>\n\t\t\t\t<section class=\"elementor-section elementor-top-section elementor-element elementor-element-b32022a elementor-section-full_width elementor-section-content-middle elementor-section-height-default elementor-section-height-default\" data-id=\"b32022a\" data-element_type=\"section\" id=\"contato\" data-settings=\"{&quot;background_background&quot;:&quot;classic&quot;}\">\n\t\t\t\t\t\t<div class=\"elementor-container elementor-column-gap-default\">\n\t\t\t\t\t<div class=\"elementor-column elementor-col-100 elementor-top-column elementor-element elementor-element-4452463\" data-id=\"4452463\" data-element_type=\"column\">\n\t\t\t<div class=\"elementor-widget-wrap elementor-element-populated\">\n\t\t\t\t\t\t<div class=\"elementor-element elementor-element-56756e8 elementor-widget elementor-widget-heading\" data-id=\"56756e8\" data-element_type=\"widget\" data-widget_type=\"heading.default\">\n\t\t\t\t<div class=\"elementor-widget-container\">\n\t\t\t\t\t<h2 class=\"elementor-heading-title elementor-size-default\">Contato<\/h2>\t\t\t\t<\/div>\n\t\t\t\t<\/div>\n\t\t\t\t\t<\/div>\n\t\t<\/div>\n\t\t\t\t\t<\/div>\n\t\t<\/section>\n\t\t\t\t<section class=\"elementor-section elementor-top-section elementor-element elementor-element-5a0d196 elementor-section-content-middle elementor-section-boxed elementor-section-height-default elementor-section-height-default\" data-id=\"5a0d196\" data-element_type=\"section\" data-settings=\"{&quot;background_background&quot;:&quot;classic&quot;}\">\n\t\t\t\t\t\t<div class=\"elementor-container elementor-column-gap-default\">\n\t\t\t\t\t<div class=\"elementor-column elementor-col-100 elementor-top-column elementor-element elementor-element-495da35\" data-id=\"495da35\" data-element_type=\"column\">\n\t\t\t<div class=\"elementor-widget-wrap elementor-element-populated\">\n\t\t\t\t\t\t<div class=\"elementor-element elementor-element-5bcf758 elementor-align-center elementor-icon-list--layout-traditional elementor-list-item-link-full_width elementor-widget elementor-widget-icon-list\" data-id=\"5bcf758\" data-element_type=\"widget\" data-widget_type=\"icon-list.default\">\n\t\t\t\t<div class=\"elementor-widget-container\">\n\t\t\t\t\t\t\t<ul class=\"elementor-icon-list-items\">\n\t\t\t\t\t\t\t<li class=\"elementor-icon-list-item\">\n\t\t\t\t\t\t\t\t\t\t\t<span class=\"elementor-icon-list-icon\">\n\t\t\t\t\t\t\t<i aria-hidden=\"true\" class=\"fab fa-whatsapp\"><\/i>\t\t\t\t\t\t<\/span>\n\t\t\t\t\t\t\t\t\t\t<span class=\"elementor-icon-list-text\">+55 (21) 98138-3415<\/span>\n\t\t\t\t\t\t\t\t\t<\/li>\n\t\t\t\t\t\t\t\t<li class=\"elementor-icon-list-item\">\n\t\t\t\t\t\t\t\t\t\t\t<a href=\"mailto:msb@msbraz.com\" target=\"_blank\">\n\n\t\t\t\t\t\t\t\t\t\t\t\t<span class=\"elementor-icon-list-icon\">\n\t\t\t\t\t\t\t<i aria-hidden=\"true\" class=\"far fa-envelope\"><\/i>\t\t\t\t\t\t<\/span>\n\t\t\t\t\t\t\t\t\t\t<span class=\"elementor-icon-list-text\">msb@msbraz.com<\/span>\n\t\t\t\t\t\t\t\t\t\t\t<\/a>\n\t\t\t\t\t\t\t\t\t<\/li>\n\t\t\t\t\t\t\t\t<li class=\"elementor-icon-list-item\">\n\t\t\t\t\t\t\t\t\t\t\t<span class=\"elementor-icon-list-icon\">\n\t\t\t\t\t\t\t<i aria-hidden=\"true\" class=\"fas fa-map-marker-alt\"><\/i>\t\t\t\t\t\t<\/span>\n\t\t\t\t\t\t\t\t\t\t<span class=\"elementor-icon-list-text\"> Av. das Am\u00e9ricas 3500, bloco 7, sala 135, Barra da Tijuca,<br>Rio de Janeiro, RJ, CEP 22640-102<\/span>\n\t\t\t\t\t\t\t\t\t<\/li>\n\t\t\t\t\t\t<\/ul>\n\t\t\t\t\t\t<\/div>\n\t\t\t\t<\/div>\n\t\t\t\t\t<\/div>\n\t\t<\/div>\n\t\t\t\t\t<\/div>\n\t\t<\/section>\n\t\t\t\t<\/div>\n\t\t","protected":false},"excerpt":{"rendered":"<p>Consultoria societ\u00e1ria (jur\u00eddica e estrat\u00e9gica) \u00e1gil e personalizada \u00c1reas de Atua\u00e7\u00e3o Societ\u00e1rio e M&amp;A O escrit\u00f3rio tem ampla experi\u00eancia em direito societ\u00e1rio e opera\u00e7\u00f5es de M&amp;A, tanto dom\u00e9sticas quanto internacionais, estando qualificado a assessorar seus clientes em todas as fases das opera\u00e7\u00f5es, desde due diligences, passando pela reda\u00e7\u00e3o e negocia\u00e7\u00e3o dos instrumentos legais aplic\u00e1veis, como [&hellip;]<\/p>\n","protected":false},"author":2,"featured_media":6851,"parent":0,"menu_order":0,"comment_status":"closed","ping_status":"closed","template":"elementor_header_footer","meta":{"footnotes":""},"class_list":["post-4286","page","type-page","status-publish","has-post-thumbnail","hentry"],"_links":{"self":[{"href":"https:\/\/msbraz.com\/index.php?rest_route=\/wp\/v2\/pages\/4286","targetHints":{"allow":["GET"]}}],"collection":[{"href":"https:\/\/msbraz.com\/index.php?rest_route=\/wp\/v2\/pages"}],"about":[{"href":"https:\/\/msbraz.com\/index.php?rest_route=\/wp\/v2\/types\/page"}],"author":[{"embeddable":true,"href":"https:\/\/msbraz.com\/index.php?rest_route=\/wp\/v2\/users\/2"}],"replies":[{"embeddable":true,"href":"https:\/\/msbraz.com\/index.php?rest_route=%2Fwp%2Fv2%2Fcomments&post=4286"}],"version-history":[{"count":756,"href":"https:\/\/msbraz.com\/index.php?rest_route=\/wp\/v2\/pages\/4286\/revisions"}],"predecessor-version":[{"id":7215,"href":"https:\/\/msbraz.com\/index.php?rest_route=\/wp\/v2\/pages\/4286\/revisions\/7215"}],"wp:featuredmedia":[{"embeddable":true,"href":"https:\/\/msbraz.com\/index.php?rest_route=\/wp\/v2\/media\/6851"}],"wp:attachment":[{"href":"https:\/\/msbraz.com\/index.php?rest_route=%2Fwp%2Fv2%2Fmedia&parent=4286"}],"curies":[{"name":"wp","href":"https:\/\/api.w.org\/{rel}","templated":true}]}}